{"id":2,"date":"2016-04-01T12:56:26","date_gmt":"2016-04-01T10:56:26","guid":{"rendered":"http:\/\/localhost\/?page_id=2"},"modified":"2018-01-12T16:45:11","modified_gmt":"2018-01-12T15:45:11","slug":"beispiel-seite","status":"publish","type":"page","link":"https:\/\/www.bodenseecafe.ch\/","title":{"rendered":"Willkommen"},"content":{"rendered":"<p style=\"text-align: center;\"><strong>Bodensee Caf\u00e9<\/strong><\/p>\n<p style=\"text-align: center;\">Unser umfangreiches Angebot umfasst nebst diverser Brote, liebevoll zubereiteter P\u00e2tisserie, W\u00e4hen und eine grosse Auswahl an immer frischzubereiteten Sandwiches, Canap\u00e9s und feinem Bircherm\u00fcesli.<\/p>\n<p style=\"text-align: center;\">Ob Fr\u00fchst\u00fcck, unseren beliebten Brunch, Mittagessen oder f\u00fcr den kleinen Hunger, Sie finden immer eine gute Auswahl.<\/p>\n<p style=\"text-align: center;\">Abgerundet wird das Angebot von einer grossen Auswahl von Produkten aus unserer Konditorei und unseren 16 hausgemachten Glace-Sorten.<\/p>\n<p style=\"text-align: center;\">Sie suchen nach einer originellen Geschenkidee? Bei uns finden Sie fantasievolle Kreationen aus Schokolade in jeder Preislage.<\/p>\n<p style=\"text-align: center;\">Unser Team freut sich \u00fcber ihren Besuch!<\/p>\n<p>&nbsp;<\/p>\n<p style=\"text-align: center;\"><strong>Unsere \u00d6ffnungszeiten:<\/strong><\/p>\n<p style=\"text-align: center;\">Wir sind f\u00fcr Sie da Montag bis Samstag 6.15 bis 20.00 Uhr<br \/>\nSonn- und Feiertage 7.00 bis 19.00 Uhr<br \/>\nAn Weihnachten, 25. Dezember, haben wir geschlossen.<\/p>\n<p>&nbsp;<\/p>\n<p style=\"text-align: center;\"><strong>Unsere Adresse:<\/strong><\/p>\n<p style=\"text-align: center;\">Bodensee Caf\u00e9<br \/>\nSeestrasse 24<br \/>\nCH-8596 Scherzingen<\/p>\n<p style=\"text-align: center;\">Tel. +41 71\u00a0688 59 88<br \/>\nMail: <a href=\"mailto:info@bodenseecafe.ch\">info@bodenseecafe.ch<\/a><br \/>\nHomepage: www.bodenseecafe.ch<\/p>\n","protected":false},"excerpt":{"rendered":"<p>Bodensee Caf\u00e9 Unser umfangreiches Angebot umfasst nebst diverser Brote, liebevoll zubereiteter P\u00e2tisserie, W\u00e4hen und eine grosse Auswahl an immer frischzubereiteten Sandwiches, Canap\u00e9s und feinem Bircherm\u00fcesli. Ob Fr\u00fchst\u00fcck, unseren beliebten Brunch, Mittagessen oder f\u00fcr den kleinen Hunger, Sie finden immer eine gute Auswahl. Abgerundet wird das Angebot von einer grossen Auswahl von Produkten aus unserer Konditorei [&hellip;]<\/p>\n","protected":false},"author":1,"featured_media":0,"parent":0,"menu_order":0,"comment_status":"closed","ping_status":"open","template":"","meta":{"footnotes":""},"class_list":["post-2","page","type-page","status-publish","hentry"],"_links":{"self":[{"href":"https:\/\/www.bodenseecafe.ch\/index.php\/wp-json\/wp\/v2\/pages\/2","targetHints":{"allow":["GET"]}}],"collection":[{"href":"https:\/\/www.bodenseecafe.ch\/index.php\/wp-json\/wp\/v2\/pages"}],"about":[{"href":"https:\/\/www.bodenseecafe.ch\/index.php\/wp-json\/wp\/v2\/types\/page"}],"author":[{"embeddable":true,"href":"https:\/\/www.bodenseecafe.ch\/index.php\/wp-json\/wp\/v2\/users\/1"}],"replies":[{"embeddable":true,"href":"https:\/\/www.bodenseecafe.ch\/index.php\/wp-json\/wp\/v2\/comments?post=2"}],"version-history":[{"count":29,"href":"https:\/\/www.bodenseecafe.ch\/index.php\/wp-json\/wp\/v2\/pages\/2\/revisions"}],"predecessor-version":[{"id":704,"href":"https:\/\/www.bodenseecafe.ch\/index.php\/wp-json\/wp\/v2\/pages\/2\/revisions\/704"}],"wp:attachment":[{"href":"https:\/\/www.bodenseecafe.ch\/index.php\/wp-json\/wp\/v2\/media?parent=2"}],"curies":[{"name":"wp","href":"https:\/\/api.w.org\/{rel}","templated":true}]}}